{"id":30,"date":"2022-02-15T09:55:56","date_gmt":"2022-02-15T09:55:56","guid":{"rendered":"http:\/\/chaletlabalma.it\/?page_id=30"},"modified":"2022-03-30T08:38:37","modified_gmt":"2022-03-30T08:38:37","slug":"come-raggiungerci","status":"publish","type":"page","link":"https:\/\/chaletlabalma.it\/en\/come-raggiungerci\/","title":{"rendered":"how to arrive"},"content":{"rendered":"<p>[et_pb_section fb_built=&#8221;1&#8243; fullwidth=&#8221;on&#8221; _builder_version=&#8221;4.15.1&#8243; _module_preset=&#8221;default&#8221; max_height=&#8221;500px&#8221; hover_enabled=&#8221;0&#8243; global_colors_info=&#8221;{}&#8221; max_height__sticky_enabled=&#8221;on|sticky&#8221; max_height__sticky=&#8221;200px&#8221; sticky_enabled=&#8221;0&#8243; custom_padding=&#8221;400px||||false|false&#8221; title_text=&#8221;ragg&#8221; background_image=&#8221;http:\/\/chaletlabalma.it\/wp-content\/uploads\/2022\/02\/ragg-1.jpg&#8221;][\/et_pb_section][et_pb_section fb_built=&#8221;1&#8243; custom_padding_last_edited=&#8221;on|phone&#8221; _builder_version=&#8221;4.15&#8243; _module_preset=&#8221;default&#8221; custom_padding=&#8221;||0px|||&#8221; custom_padding_tablet=&#8221;|30px||30px|false|true&#8221; custom_padding_phone=&#8221;|10px|0px|10px|false|true&#8221; global_colors_info=&#8221;{}&#8221;][et_pb_row _builder_version=&#8221;4.15&#8243; _module_preset=&#8221;default&#8221; background_enable_color=&#8221;off&#8221; width=&#8221;100%&#8221; max_width=&#8221;1350px&#8221; custom_margin=&#8221;||||false|false&#8221; custom_padding=&#8221;0px|0px|0px|0px|false|false&#8221; global_colors_info=&#8221;{}&#8221;][et_pb_column type=&#8221;4_4&#8243; _builder_version=&#8221;4.15&#8243; _module_preset=&#8221;default&#8221; global_colors_info=&#8221;{}&#8221;][et_pb_text _builder_version=&#8221;4.15&#8243; _module_preset=&#8221;default&#8221; text_font=&#8221;|||on|||||&#8221; text_text_color=&#8221;#3C2D26&#8243; text_font_size=&#8221;51px&#8221; text_line_height=&#8221;1em&#8221; custom_margin=&#8221;||0px||false|false&#8221; custom_padding=&#8221;||0px||false|false&#8221; text_font_size_tablet=&#8221;51px&#8221; text_font_size_phone=&#8221;30px&#8221; text_font_size_last_edited=&#8221;on|phone&#8221; custom_css_main_element=&#8221;font-family: etna, sans-serif;||font-weight: 300;&#8221; global_colors_info=&#8221;{}&#8221;]<\/p>\n<p>How to reach us<\/p>\n<p>[\/et_pb_text][\/et_pb_column][\/et_pb_row][et_pb_row _builder_version=&#8221;4.15&#8243; _module_preset=&#8221;default&#8221; width=&#8221;100%&#8221; width_tablet=&#8221;100%&#8221; width_phone=&#8221;100%&#8221; width_last_edited=&#8221;on|desktop&#8221; custom_margin=&#8221;||||false|false&#8221; custom_padding=&#8221;||||false|false&#8221; global_colors_info=&#8221;{}&#8221;][et_pb_column type=&#8221;4_4&#8243; _builder_version=&#8221;4.15&#8243; _module_preset=&#8221;default&#8221; global_colors_info=&#8221;{}&#8221;][dsm_icon_divider image=&#8221;http:\/\/chaletlabalma.it\/wp-content\/uploads\/2022\/02\/pathway.png&#8221; image_max_width=&#8221;80px&#8221; color=&#8221;#798743&#8243; divider_weight=&#8221;2px&#8221; icon_gap=&#8221;34px&#8221; _builder_version=&#8221;4.14.8&#8243; _module_preset=&#8221;default&#8221; global_colors_info=&#8221;{}&#8221;][\/dsm_icon_divider][\/et_pb_column][\/et_pb_row][et_pb_row _builder_version=&#8221;4.15&#8243; _module_preset=&#8221;default&#8221; width=&#8221;95%&#8221; global_colors_info=&#8221;{}&#8221;][et_pb_column type=&#8221;4_4&#8243; _builder_version=&#8221;4.15&#8243; _module_preset=&#8221;default&#8221; global_colors_info=&#8221;{}&#8221;][et_pb_text _builder_version=&#8221;4.15&#8243; _module_preset=&#8221;default&#8221; text_font=&#8221;Montserrat|300|||||||&#8221; text_text_color=&#8221;#000000&#8243; text_font_size=&#8221;16px&#8221; text_line_height=&#8221;1.3em&#8221; header_font=&#8221;||||||||&#8221; header_text_align=&#8221;left&#8221; header_text_color=&#8221;#5C682E&#8221; header_font_size=&#8221;25px&#8221; text_orientation=&#8221;center&#8221; custom_margin=&#8221;||0px||false|false&#8221; custom_padding=&#8221;|20px|0px|20px|false|true&#8221; custom_css_main_element=&#8221;font-family: etna, sans-serif;||font-weight: 300;||font-style: normal;&#8221; global_colors_info=&#8221;{}&#8221;]<\/p>\n<h1>By Car:<\/h1>\n<p>[\/et_pb_text][et_pb_text _builder_version=&#8221;4.15&#8243; _module_preset=&#8221;default&#8221; text_font=&#8221;Montserrat|300|||||||&#8221; text_text_color=&#8221;#000000&#8243; text_font_size=&#8221;16px&#8221; text_line_height=&#8221;1.3em&#8221; header_font=&#8221;Montserrat|700|||||||&#8221; header_font_size=&#8221;25px&#8221; text_orientation=&#8221;justified&#8221; custom_padding=&#8221;|20px||20px|false|true&#8221; global_colors_info=&#8221;{}&#8221;]<\/p>\n<p>From GENOA: A26 motorway to Gravellona Toce, then take the SS33 (category C superhighway) then continue to the fifth \u201cPiedimulera\u201d exit.<\/p>\n<p>Follow the signs for Macugnaga along the state road 549 of the Anzasca Valley for 15 km up to Ponte Grande, a town in the middle of the valley. The locality of Isella (fraction of Macugnaga) is about 15 km away. Once you have reached Borca and passed the parish church, continue for 800 m until reaching the bridge indicated as in the photo, turning left and crossing it. After crossing the bridge, turn right towards Lago delle Fate. Your destination is in front of the farm.<\/p>\n<p>from MILAN: A8 motorway (Milano Laghi) to Gallarate (avoid the branch for Como but follow signs for Gravellona Toce).<\/p>\n<p>Continue to the Genoa - Gravellona Toce branch (located immediately after the Castelletto Ticino motorway exit), where you take the A26 towards Gravellona Toce.<\/p>\n<p>Take the A26 to the Ornavasso exit then take the SS33 (category C superhighway) then continue to the fifth \"Piedimulera\" exit.<\/p>\n<p>Follow the signs for Macugnaga along the state road 549 of the Anzasca Valley for 15 km up to Ponte Grande, a town in the middle of the valley. The locality of Isella (fraction of Macugnaga) is about 15 km away. Once you have reached Borca and passed the parish church, continue for 800 m until reaching the bridge indicated as in the photo, turning left and crossing it.<\/p>\n<p>[\/et_pb_text][et_pb_image src=&#8221;http:\/\/chaletlabalma.it\/wp-content\/uploads\/2022\/02\/comeraggiungerci.jpg&#8221; title_text=&#8221;comeraggiungerci&#8221; align=&#8221;center&#8221; _builder_version=&#8221;4.15&#8243; _module_preset=&#8221;default&#8221; width=&#8221;48%&#8221; global_colors_info=&#8221;{}&#8221;][\/et_pb_image][et_pb_text _builder_version=&#8221;4.15&#8243; _module_preset=&#8221;default&#8221; text_font=&#8221;Montserrat|300|||||||&#8221; text_text_color=&#8221;#000000&#8243; text_font_size=&#8221;16px&#8221; text_line_height=&#8221;1.3em&#8221; header_font=&#8221;Montserrat|700|||||||&#8221; header_font_size=&#8221;25px&#8221; text_orientation=&#8221;justified&#8221; custom_padding=&#8221;|20px||20px|false|true&#8221; global_colors_info=&#8221;{}&#8221;]<\/p>\n<p>After crossing the bridge, turn right towards Lago delle Fate. Your destination is in front of the farm.<\/p>\n<p>[\/et_pb_text][dsm_icon_divider image=&#8221;http:\/\/chaletlabalma.it\/wp-content\/uploads\/2022\/02\/train.png&#8221; image_max_width=&#8221;80px&#8221; color=&#8221;#798743&#8243; divider_weight=&#8221;2px&#8221; icon_gap=&#8221;34px&#8221; _builder_version=&#8221;4.14.8&#8243; _module_preset=&#8221;default&#8221; global_colors_info=&#8221;{}&#8221;][\/dsm_icon_divider][et_pb_text _builder_version=&#8221;4.15&#8243; _module_preset=&#8221;default&#8221; text_font=&#8221;Montserrat|300|||||||&#8221; text_text_color=&#8221;#000000&#8243; text_font_size=&#8221;16px&#8221; text_line_height=&#8221;1.3em&#8221; header_font=&#8221;||||||||&#8221; header_text_color=&#8221;#5C682E&#8221; header_font_size=&#8221;25px&#8221; text_orientation=&#8221;justified&#8221; custom_margin=&#8221;||0px||false|false&#8221; custom_padding=&#8221;|20px|0px|20px|false|true&#8221; header_text_align_tablet=&#8221;left&#8221; header_text_align_phone=&#8221;left&#8221; header_text_align_last_edited=&#8221;off|tablet&#8221; custom_css_main_element=&#8221;font-family: etna, sans-serif;||font-weight: 300;||font-style: normal;&#8221; global_colors_info=&#8221;{}&#8221;]<\/p>\n<h1>By Train<\/h1>\n<p>[\/et_pb_text][et_pb_text _builder_version=&#8221;4.15&#8243; _module_preset=&#8221;default&#8221; text_font=&#8221;Montserrat|300|||||||&#8221; text_text_color=&#8221;#000000&#8243; text_font_size=&#8221;16px&#8221; text_line_height=&#8221;1.3em&#8221; header_font=&#8221;Montserrat|700|||||||&#8221; header_font_size=&#8221;25px&#8221; text_orientation=&#8221;justified&#8221; custom_padding=&#8221;|20px||20px|false|true&#8221; global_colors_info=&#8221;{}&#8221;]<\/p>\n<h1><\/h1>\n<p>From Milan Central Station, or from Milan Porta Garibaldi, take the train towards Domodossola and get off at the aforementioned station. At the exit you will find the bus station, take Bus Comazzi towards Macugnaga and get off at the Isella stop just before the bridge (see previous photo).<\/p>\n<p>From Genoa take the train to Milano Centrale and get off at your destination, then change and take the train towards Domodossola and get off at the aforementioned station. At the exit you will find the bus station, take Bus Comazzi towards Macugnaga and get off at the Isella stop just before the bridge (see previous photo).<\/p>\n<p>[\/et_pb_text][\/et_pb_column][\/et_pb_row][\/et_pb_section][et_pb_section fb_built=&#8221;1&#8243; _builder_version=&#8221;4.15&#8243; _module_preset=&#8221;default&#8221; global_colors_info=&#8221;{}&#8221;][et_pb_row _builder_version=&#8221;4.15&#8243; _module_preset=&#8221;default&#8221; global_colors_info=&#8221;{}&#8221;][et_pb_column type=&#8221;4_4&#8243; _builder_version=&#8221;4.15&#8243; _module_preset=&#8221;default&#8221; global_colors_info=&#8221;{}&#8221;][et_pb_text _builder_version=&#8221;4.15&#8243; _module_preset=&#8221;default&#8221; header_font=&#8221;|800|||||||&#8221; header_text_align=&#8221;center&#8221; header_text_color=&#8221;#ddc9b9&#8243; custom_css_main_element=&#8221;font-family: mixta-sharp, serif;||font-weight: 900;||font-style: normal;&#8221; header_text_shadow_style=&#8221;preset5&#8243; header_text_shadow_horizontal_length=&#8221;0.06em&#8221; header_text_shadow_vertical_length=&#8221;0.01em&#8221; header_text_shadow_color=&#8221;#FFFFFF&#8221; global_colors_info=&#8221;{}&#8221;]<\/p>\n<h1>Elegance in the heart of the Alps<\/h1>\n<p>[\/et_pb_text][\/et_pb_column][\/et_pb_row][\/et_pb_section]<\/p>","protected":false},"excerpt":{"rendered":"<p>How to reach us<div class=\"et_pb_module dsm_icon_divider dsm_icon_divider_0\">\n\t\t\t\t\n\t\t\t\t\n\t\t\t\t\n\t\t\t\t\n\t\t\t\t\n\t\t\t\t\n\t\t\t\t<div class=\"et_pb_module_inner\">\n\t\t\t\t\t<div class=\"dsm-icon-divider-wrapper dsm-icon-divider-align-center\">\n\t\t\t\t\n\t\t\t\t\n\t\t\t\t<div class=\"dsm-icon-divider-before dsm-divider\"><\/div>\n\t\t\t\t<div class=\"dsm-icon-divider-image\"><span class=\"dsm-icon-divider-image-wrap\"><img decoding=\"async\" src=\"http:\/\/chaletlabalma.it\/wp-content\/uploads\/2022\/02\/pathway.png\" alt=\"\" \/><\/span><\/div>\n\t\t\t\t<div class=\"dsm-icon-divider-after dsm-divider\"><\/div>\n\t\t\t<\/div>\n\t\t\t\t<\/div>\n\t\t\t<\/div>In Auto:Da GENOVA: autostrada A26 fino a Gravellona Toce, in seguito imboccare SS33 (superstrada di categoria C) quindi continuare fino alla quinta uscita \u201cPiedimulera\u201d. Seguire le indicazioni per Macugnaga percorrendo la statale 549 della Valle Anzasca per 15 km fino a Ponte Grande, paese a met\u00e0 valle. La localit\u00e0 Isella (frazione di Macugnaga) dista circa 15 km. Giunti in prossimit\u00e0 di Borca e superata la chiesa parrocchiale proseguire per 800 m fino al ponte indicato come da foto, svoltando a sinistra e attraversandolo.\u00a0Attraversato il ponte svoltare a destra in direzione Lago delle Fate. La vostra destinazione si trova di fronte alla fattoria . da MILANO: autostrada A8 (Milano Laghi) fino a Gallarate (evitare la diramazione per Como ma seguire indicazioni per Gravellona Toce). Proseguire fino a diramazione Genova \u2013 Gravellona Toce (che si trova subito dopo l\u2019uscita autostradale di Castelletto Ticino), dove si imbocca A26 in direzione Gravellona Toce. Percorrere A26 fino all\u2019uscita Ornavasso quindi imboccare SS33 (superstrada di categoria C) quindi continuare fino alla quinta uscita \u201cPiedimulera\u201d. Seguire le indicazioni per Macugnaga percorrendo la statale 549 della Valle Anzasca per 15 km fino a Ponte Grande, paese a met\u00e0 valle. [&hellip;]<\/p>","protected":false},"author":1,"featured_media":0,"parent":0,"menu_order":0,"comment_status":"closed","ping_status":"closed","template":"","meta":{"_et_pb_use_builder":"on","_et_pb_old_content":"","_et_gb_content_width":"","footnotes":""},"class_list":["post-30","page","type-page","status-publish","hentry"],"aioseo_notices":[],"_links":{"self":[{"href":"https:\/\/chaletlabalma.it\/en\/wp-json\/wp\/v2\/pages\/30","targetHints":{"allow":["GET"]}}],"collection":[{"href":"https:\/\/chaletlabalma.it\/en\/wp-json\/wp\/v2\/pages"}],"about":[{"href":"https:\/\/chaletlabalma.it\/en\/wp-json\/wp\/v2\/types\/page"}],"author":[{"embeddable":true,"href":"https:\/\/chaletlabalma.it\/en\/wp-json\/wp\/v2\/users\/1"}],"replies":[{"embeddable":true,"href":"https:\/\/chaletlabalma.it\/en\/wp-json\/wp\/v2\/comments?post=30"}],"version-history":[{"count":16,"href":"https:\/\/chaletlabalma.it\/en\/wp-json\/wp\/v2\/pages\/30\/revisions"}],"predecessor-version":[{"id":100357,"href":"https:\/\/chaletlabalma.it\/en\/wp-json\/wp\/v2\/pages\/30\/revisions\/100357"}],"wp:attachment":[{"href":"https:\/\/chaletlabalma.it\/en\/wp-json\/wp\/v2\/media?parent=30"}],"curies":[{"name":"wp","href":"https:\/\/api.w.org\/{rel}","templated":true}]}}